{"id":272,"date":"2018-02-21T13:31:56","date_gmt":"2018-02-21T13:31:56","guid":{"rendered":"https:\/\/dragana-oberst.de\/?page_id=272"},"modified":"2020-01-08T07:59:00","modified_gmt":"2020-01-08T07:59:00","slug":"referenzen","status":"publish","type":"page","link":"https:\/\/dragana-oberst.de\/?page_id=272","title":{"rendered":"Referenzen"},"content":{"rendered":"<h4>Auswahl beruflicher Referenzen<\/h4>\n<ul>\n<li>Bundesministerium f\u00fcr Bildung und Forschung<\/li>\n<li>Internationales B\u00fcro des Bundesministeriums f\u00fcr Bildung und Forschung<\/li>\n<li>Ausw\u00e4rtiges Amt der Bundesrepublik Deutschland<\/li>\n<li>Wirtschaftsministerium der Bundesrepublik Deutschland<\/li>\n<li>Ministerium f\u00fcr Umwelt, Landwirtschaft, Ern\u00e4hrung, Landbau und Forsten, Rheinland-Pfalz<\/li>\n<li>Universit\u00e4t T\u00fcbingen<\/li>\n<li>Hochschule Trier, Umweltcampus Birkenfeld<\/li>\n<li>IfaS Institut f\u00fcr angewandtes Stoffstrommanagement, Birkenfeld<\/li>\n<li>PTV Group, Karlsruhe<\/li>\n<li>HeKa Herzog GmbH, Grabenneudorf<\/li>\n<li>D\u00fcsseldorfer Schauspielhaus<\/li>\n<li>SWR Fernsehen<\/li>\n<li>Staatsanwaltschaft T\u00fcbingen<\/li>\n<li>Landgerichte T\u00fcbingen und Baden-Baden<\/li>\n<li>Amtsgerichte Freiburg, Karlsruhe, Pforzheim, Baden-Baden, Rastatt, B\u00fchl, Offenburg<\/li>\n<\/ul>\n","protected":false},"excerpt":{"rendered":"<p>Auswahl beruflicher Referenzen Bundesministerium f\u00fcr Bildung und Forschung Internationales B\u00fcro des Bundesministeriums f\u00fcr Bildung und Forschung Ausw\u00e4rtiges Amt der Bundesrepublik Deutschland Wirtschaftsministerium der Bundesrepublik Deutschland Ministerium f\u00fcr Umwelt, Landwirtschaft, Ern\u00e4hrung, Landbau und Forsten, Rheinland-Pfalz Universit\u00e4t T\u00fcbingen Hochschule Trier, Umweltcampus Birkenfeld IfaS Institut f\u00fcr angewandtes Stoffstrommanagement, Birkenfeld PTV Group, Karlsruhe HeKa Herzog GmbH, Grabenneudorf D\u00fcsseldorfer Schauspielhaus [&hellip;]<\/p>\n","protected":false},"author":2,"featured_media":0,"parent":0,"menu_order":0,"comment_status":"closed","ping_status":"closed","template":"","meta":{"footnotes":""},"class_list":["post-272","page","type-page","status-publish","hentry"],"_links":{"self":[{"href":"https:\/\/dragana-oberst.de\/index.php?rest_route=\/wp\/v2\/pages\/272","targetHints":{"allow":["GET"]}}],"collection":[{"href":"https:\/\/dragana-oberst.de\/index.php?rest_route=\/wp\/v2\/pages"}],"about":[{"href":"https:\/\/dragana-oberst.de\/index.php?rest_route=\/wp\/v2\/types\/page"}],"author":[{"embeddable":true,"href":"https:\/\/dragana-oberst.de\/index.php?rest_route=\/wp\/v2\/users\/2"}],"replies":[{"embeddable":true,"href":"https:\/\/dragana-oberst.de\/index.php?rest_route=%2Fwp%2Fv2%2Fcomments&post=272"}],"version-history":[{"count":2,"href":"https:\/\/dragana-oberst.de\/index.php?rest_route=\/wp\/v2\/pages\/272\/revisions"}],"predecessor-version":[{"id":321,"href":"https:\/\/dragana-oberst.de\/index.php?rest_route=\/wp\/v2\/pages\/272\/revisions\/321"}],"wp:attachment":[{"href":"https:\/\/dragana-oberst.de\/index.php?rest_route=%2Fwp%2Fv2%2Fmedia&parent=272"}],"curies":[{"name":"wp","href":"https:\/\/api.w.org\/{rel}","templated":true}]}}