{"id":258,"date":"2018-02-21T12:56:17","date_gmt":"2018-02-21T12:56:17","guid":{"rendered":"https:\/\/dragana-oberst.de\/?page_id=258"},"modified":"2021-12-09T21:16:45","modified_gmt":"2021-12-09T21:16:45","slug":"kontakt-und-impressum","status":"publish","type":"page","link":"https:\/\/dragana-oberst.de\/?page_id=258","title":{"rendered":"Impressum"},"content":{"rendered":"<p><a href=\"http:\/\/www.deutsche-anwaltshotline.de\/recht-auf-ihrer-website\/impressum-generator\">Impressum dieser Website erstellt<\/a> \u00fcber den Generator der Deutschen Anwaltshotline AG<\/p>\n<p>Angaben gem. \u00a7 5 TMG<\/p>\n<p><strong>Betreiber und Kontakt:<\/strong><br \/>\nDragana Oberst<br \/>\nKapellenstra\u00dfe 25<br \/>\n76437 Rastatt<\/p>\n<p>Telefon: +49 7222 9340449<br \/>\nTelefax: +49 7222 4058939<br \/>\nMobil: +49 173 3092958<br \/>\n<a href=\"mailto:info@dragana-oberst.de\">info@dragana-oberst.de<\/a><\/p>\n<p><strong>Verantwortlicher f\u00fcr journalistisch-redaktionelle Inhalte gem. \u00a7 55 II RstV:<\/strong><br \/>\nDragana Oberst, Kapellenstra\u00dfe 25, 76437 Rastatt, Deutschland<\/p>\n<p><strong>Bilder und Grafiken:<\/strong><br \/>\nAngaben der Quelle f\u00fcr verwendetes Bilder- und Grafikmaterial:<br \/>\nMonika Gras-Brand, Konstanz Betrix Krone Fotostudio, Rastatt<\/p>\n<p><strong>Online-Streitbeilegung gem\u00e4\u00df Art. 14 Abs. 1 ODR-VO<\/strong><br \/>\nDie Europ\u00e4ische Kommission stellt eine Plattform zur Online-Streitbeilegung (OS) bereit, die Sie unter <a href=\"http:\/\/ec.europa.eu\/consumers\/odr\/\">http:\/\/ec.europa.eu\/consumers\/odr\/<\/a> finden.<\/p>\n<p><a href=\"http:\/\/www.deutsche-anwaltshotline.de\/recht-auf-ihrer-website\/disclaimer-baukasten\">Disclaimer erstellt<\/a> \u00fcber den Baukasten der Deutschen Anwaltshotline AG<\/p>\n<p><strong>Haftung f\u00fcr Inhalte<\/strong><\/p>\n<p>Die Erstellung der Inhalte dieser Webseite erfolgte mit gr\u00f6\u00dftm\u00f6glicher Sorgfalt. Allerdings k\u00f6nnen wir keine Gew\u00e4hr f\u00fcr die Vollst\u00e4ndigkeit der bereitgestellten Inhalte, ihre Aktualit\u00e4t sowie Richtigkeit \u00fcbernehmen. Gem. \u00a7\u00a7 8 &#8211; 10 TMG trifft uns als Dienstanbieter keine Pflicht, fremde Informationen, die \u00fcbermittelt oder gespeichert wurden, zu \u00fcberwachen oder nach Anhaltspunkten und Umst\u00e4nden zu forschen, die die Rechtswidrigkeit von T\u00e4tigkeiten und Informationen indizieren.<\/p>\n<p>Eine Verpflichtung unsererseits zur Nutzungssperrung von Inhalten im Rahmen der allgemeinen Gesetze bleibt hiervon stets unber\u00fchrt. Diese Haftung kommt jedoch erst im Moment der Kenntnisnahme einer konkreten Verletzung von Rechten in Frage. Sollten uns Rechtsverletzungen bekannt werden, so sind die entsprechenden Inhalte von uns unverz\u00fcglich zu entfernen.<\/p>\n<p>Unsere Haftung f\u00fcr eigene Inhalte richtet sich, als Dienstanbieter, nach den allgemeinen Gesetzen.<\/p>\n<p><strong>Haftung f\u00fcr Links<\/strong><\/p>\n<p>Diese Webseite beinhaltet Verlinkungen zu Webseiten Dritter &#8211; sog. externe Links. Die Inhalte dieser externen Links entziehen sich unserer Einflussnahme, sodass eine Gew\u00e4hr f\u00fcr solche Inhalte unsererseits nicht \u00fcbernommen wird.<\/p>\n<p>Die Verantwortung liegt stets beim jeweiligen Betreiber der externen Seiten. Zum Zeitpunkt der Verkn\u00fcpfung der externen Links waren keine Rechtsverst\u00f6\u00dfe ersichtlich. Die permanente \u00dcberwachung fremder Inhalte auf Rechtsverst\u00f6\u00dfe ohne konkrete Hinweise ist uns nicht zumutbar.<\/p>\n<p>Sollten wir Kenntnis von Rechtsverletzungen erlangen, werden wir die entsprechenden externen Links unverz\u00fcglich entfernen.<\/p>\n<p><strong>Urheberrecht\/Leistungsschutzrecht<\/strong><\/p>\n<p>Auf die vom Anbieter auf dieser Seite ver\u00f6ffentlichten Inhalte findet das deutsche Urheber und Leistungsschutzrecht Anwendung. Sofern die Vervielf\u00e4ltigung, Bearbeitung, Verbreitung oder jegliche andere Art der Verwertung au\u00dferhalb des deutschen Urheber- und Leistungsschutzrechts liegt, bedarf es einer schriftlichen Zustimmung des jeweiligen Erstellers. Unerlaubtes Kopieren oder Downloaden dieser Seiten ist ausschlie\u00dflich f\u00fcr den privaten Bereich, nicht jedoch f\u00fcr den kommerziellen, erlaubt. Sofern nicht wir als Betreiber auch als Ersteller der Inhalte fungieren, werden die Urheberrechte von Dritten beachtet. Wir sind stets bem\u00fcht solche Inhalte als Inhalte Dritter zu kennzeichnen. Wir bitten Sie f\u00fcr den Fall, dass Ihnen trotz sorgf\u00e4ltiger Arbeit unsererseits, eine Urheberrechtsverletzung auff\u00e4llt, uns entsprechend darauf hinzuweisen, sodass die Entfernung dieser Inhalte umgehend veranlasst werden kann.<\/p>\n<p><strong>Datenschutz<\/strong><\/p>\n<p>Die Nutzung dieser Webseite ist regelm\u00e4\u00dfig ohne Angabe personenbezogener Daten m\u00f6glich. Sollten solche personenbezogenen Daten auf dieser Webseite dennoch erhoben werden, so erfolgt dies in Form einer freiwilligen Datenangabe durch den Nutzer. Eine Weitergabe der personenbezogenen Daten an Dritte erfolgt nicht, sofern keine ausdr\u00fcckliche Zustimmung des Nutzers abgegeben wurde.<\/p>\n<p>Sofern auf unseren Webseiten personenbezogene Daten erhoben werden, vollzieht sich die Erhebung dieser Daten stets im Rahmen der Bestimmung des Datenschutzrechtes der Bundesrepublik Deutschland. Sofern personenbezogene Daten erhoben werden, k\u00f6nnen Sie dieser Datenschutzerkl\u00e4rung die Art, den Umfang und den Zweck der Erhebung und Verwendung personenbezogener Daten entnehmen.<\/p>\n<p>Bitte beachten Sie, dass trotz gr\u00f6\u00dfter Sorgfalt die Daten\u00fcbertragung im Internet stets mit Risiken, die auf Sicherheitsl\u00fccken basieren, verbunden ist. Der uneingeschr\u00e4nkte Schutz von Daten ist daher unm\u00f6glich.<\/p>\n<p><strong><em>Daten\u00fcbermittlung<\/em><\/strong><\/p>\n<p>Bei einem Zugriff Ihrerseits auf unsere Webseiten erfolgt eine automatische Daten\u00fcbermittlung von Ihrem Browser an unseren Webserver. Gegenstand dieser \u00dcbermittlung sind anonymisierte Zugriffsdaten ohne Personenbezug, wie etwa Datum und Uhrzeit, Browsertyp, Menge und Art der abgerufenen Daten sowie Ihre IP-Adresse. Die Speicherung dieser Daten geschieht getrennt von etwaigen anderen, im Rahmen der Nutzung unserer Webseiten durch Sie, erhobenen Daten. Diese Daten k\u00f6nnen nicht dazu verwendet werden eine konkrete Person zu bestimmen. Die Erhebung dieser Daten findet lediglich zur Protokollierung des Benutzerverhaltens und zu statistischen Zwecken statt. Nach einer entsprechenden Auswertung wird eine L\u00f6schung der Daten veranlasst.<\/p>\n<p><strong><em>Cookies<\/em><\/strong><\/p>\n<p>Zu Zwecken der Qualit\u00e4tssicherung und Erweiterung des Funktionsumfangs unseres Internetangebots verwenden wir auf unseren Webseiten sog. Cookies. Dabei handelt es sich um Textdateien, die auf dem Rechner des Nutzers gespeichert werden. Durch Cookies kann die Anzahl der Seitenbesuche festgestellt werden. Diese Informationen verwenden wir ausschlie\u00dflich zur Verbesserung unserer Webseiten.<\/p>\n<p><strong><em>Bestandsdaten<\/em><\/strong><\/p>\n<p>Bei der Begr\u00fcndung, inhaltlichen Ausgestaltung oder \u00c4nderung eines Vertragsverh\u00e4ltnisses zwischen Ihnen und uns, erheben und verwenden wir, im Rahmen der Erforderlichkeit, personenbezogene Daten von Ihnen, sog. Bestandsdaten.<\/p>\n<p>In der Regel erfolgt keine Weitergabe oder Auskunftserteilung an Dritte. Auf Anordnung der zust\u00e4ndigen Stellen sind wir gehalten, soweit es zu Zwecken der Strafverfolgung, der Gefahrenabwehr oder zur Erf\u00fcllung weiterer gesetzlicher Aufgaben erforderlich ist, Auskunft \u00fcber personenbezogene Daten zu erteilen.<\/p>\n<p><strong><em>Nutzungsdaten<\/em><\/strong><\/p>\n<p>Soweit erforderlich, erheben und verwenden wir sog. Nutzungsdaten von Ihnen. Dabei handelt es sich um personenbezogene Daten, die die Inanspruchnahme unseres Internetangebots sowie die Abrechnung erm\u00f6glichen. Dabei werden Daten erfasst, die sowohl die zeitlichen Kriterien der Nutzung unseres Angebots durch Sie enthalten, als auch den Umfang der Nutzung und Ihre Identifikationsmerkmale.<\/p>\n<p>Wir weisen Sie darauf hin, dass es uns zu Werbezwecken, zu Zwecken der Marktforschung sowie zur Gestaltung unseres Internetangebots gestattet ist, Nutzungsprofile d.h. zusammengestellte Daten \u00fcber den Verlauf von Besuchen auf unseren Seiten zu generieren. Diese Nutzungsprofile geben keinen Aufschluss \u00fcber Ihre Person und werden auch nicht mit etwaigen anderen, von uns erhobenen Daten, zusammengef\u00fchrt, sodass auch eine Personenidentifikation durch das Zusammenf\u00fchren verschiedener Daten nicht erfolgen kann. Sie haben jederzeit das Recht, einer solchen Verwendung Ihrer Daten zu widersprechen.<\/p>\n<p><strong><em>Auskunftsrecht<\/em><\/strong><\/p>\n<p>Wir weisen Sie darauf hin, dass Sie das Recht haben, eine Auskunft von uns \u00fcber die von Ihnen gespeicherten Daten zu verlangen und im Fall der Unrichtigkeit der Daten eine Sperrung, L\u00f6schung oder Berichtigung zu veranlassen. Die Auskunftserteilung ist sowohl telefonisch als auch elektronisch m\u00f6glich.<\/p>\n<p><strong><em>\u00c4nderungen der Datenschutzerkl\u00e4rung<\/em><\/strong><\/p>\n<p>Sollten zuk\u00fcnftig \u00c4nderungen unserer Datenschutzerkl\u00e4rung vorgenommen werden, so werden die \u00c4nderungen stets auf diesen Seiten zu finden sein.<\/p>\n<p><strong>Datenschutzerkl\u00e4rung &#8211; Facebook Plugin<\/strong><\/p>\n<p>Wir haben auf unseren Seiten Plugins von Facebook, 1601 South California Avenue, Palo Alto,CA 94304, USA integriert. Der Besuch auf unserer Seite bewirkt eine direkte Verbindung zu Facebook &#8211; Servern. Auf diese Art und Weise wird Facebook mitgeteilt, dass Ihre IP &#8211; Adresse auf unserer Webseite registriert wurde. Sofern Sie nun den &#8222;Like&#8220; , &#8222;Gef\u00e4llt mir&#8220; , &#8222;Teilen&#8220; oder einen entsprechenden Button bet\u00e4tigen, ordnet Facebook Ihre IP-Adresse automatisch Ihrem Benutzerkonto zu und es wird Ihnen erm\u00f6glicht, unsere Webseite bei Facebook, auf den Seiten Ihres Profils, zu verlinken. Dieser Vorgang kann nur stattfinden, wenn Sie parallel bei Facebook eingeloggt sind. \u00dcber die Nutzung und die Art der erhobenen Daten haben wir leider keine Kenntnis. F\u00fcr weitere Informationen diesbez\u00fcglich verweisen wir auf Facebook. Sollten Sie keine Zuordnung Ihres Benutzerkontos zu Ihrer IP-Adresse w\u00fcnschen, dann loggen Sie sich bitte im Vorfeld der Nutzung unserer Webseite aus Ihrem Facebook Konto aus.<\/p>\n<p><strong>Datenschutzerkl\u00e4rung f\u00fcr Google +1<\/strong><\/p>\n<p>Unsere Webseiten verwenden die sog. &#8222;+1&#8220; &#8211; Schaltfl\u00e4chen des sozialen Netzwerks Google+. Dieses wird von Google Inc., 1600 Amphitheatre Parkway, Mountain View, CA 94043, United States betrieben. Beim Aufrufen unserer Webseite mit besagter Schaltfl\u00e4che wird eine direkte Verbindung zwischen den Servern der Google Inc. und Ihrem Browser aufgebaut. Wir haben leider keinen Einfluss auf den Umfang der Daten die Google Inc. mit der &#8222;+1&#8220; &#8211; Schaltfl\u00e4che erhebt. Google Inc. erhebt laut eigenen Angaben keine personenbezogenen Daten, solange die &#8222;+1&#8220;- Schaltfl\u00e4che nicht angeklickt wird. Lediglich von, mit Ihrem Google+ Konto parallel eingeloggten Webseitenbesuchern, werden solche personenbezogenen Daten sowie die IP-Adresse erhoben und verarbeitet. F\u00fcr weitere Informationen zu den Zwecken, dem Umfang der Datenerhebung sowie zu M\u00f6glichkeiten des Schutzes Ihrer Privatsph\u00e4re verweisen wir Sie auf die Datenschutzhinweise der Google Inc. unter: <a href=\"https:\/\/www.google.de\/intl\/de\/policies\/privacy\">https:\/\/www.google.de\/intl\/de\/policies\/privacy<\/a> Sollten Sie als Google+ Mitglied nicht w\u00fcnschen, dass Google Inc. Daten von Ihnen auf unseren Seiten erhebt und diese dann Ihrem Benutzerkonto zuordnet, so empfehlen wir Ihnen sich vor der Nutzung unserer Seiten in Ihrem Google+ Konto auszuloggen.<\/p>\n<p><strong>Datenschutzerkl\u00e4rung f\u00fcr Twitter<\/strong><\/p>\n<p>Unsere Seiten verwenden Dienste des sozialen Onlinedienstes Twitter. Twitter wird von der Twitter Inc., 795 Folsom Street, Suite 600, San Francisco, CA 94107, USA betrieben. Durch die Benutzung der Funktion &#8222;Re-Tweet&#8220;, die durch das Bet\u00e4tigen des &#8222;Tweet &#8211; Buttons&#8220; geschieht, entsteht eine Verkn\u00fcpfung der von Ihnen aufgerufenen Webseite mit Ihrem Benutzerkonto bei Twitter. Diese Information wird anderen Twitternutzern entsprechend angezeigt. Wir weisen darauf hin, dass wir leider keinen Einfluss auf den Inhalt, Umfang der Nutzung der von Twitter Inc. erhobenen Daten haben und verweisen f\u00fcr weiterf\u00fchrende Informationen auf die Seiten der Twitter Inc. unter: <a href=\"http:\/\/twitter.com\/privacy\">http:\/\/twitter.com\/privacy<\/a> Weiterhin wollen wir Sie darauf hinweisen, dass Sie zum Schutze Ihrer Privatsph\u00e4re entsprechende \u00c4nderungen in Ihrem Twitterkonto vornehmen k\u00f6nnen.<\/p>\n<p><strong>Datenschutzerkl\u00e4rung f\u00fcr XING<\/strong><\/p>\n<p>Unsere Seite verwendet den &#8222;XING Share Button&#8220;. Wenn Sie diese Seite aufrufen, wird \u00fcber den Browser des Nutzers kurzfristig eine Verbindung zu Servern der XING AG aufgebaut, mit denen die Funktionen des Buttons, unter anderem die Anzeige des Z\u00e4hlwerts, geleistet werden. XING speichert keine personenbezogenen Daten des Nutzers \u00fcber den Besuch der Seite, insbesondere wird keine IP-Adresse gespeichert. Eine Auswertung des Nutzungsverhaltens \u00fcber Cookies im Zusammenhang mit dem &#8222;XING Share Button&#8220; findet nicht statt. Die jeweils g\u00fcltigen Datenschutzinformationen zum &#8222;XING Share Button&#8220; und weitere Informationen finden Sie auf der Internetseite: <a href=\"https:\/\/www.xing.com\/app\/share?op=data_protection\">https:\/\/www.xing.com\/app\/share?op=data_protection<\/a><\/p>\n<p><strong>Datenschutzerkl\u00e4rung &#8211; Google Analytics<\/strong><\/p>\n<p>Unsere Webseite nutzt die Dienste von Google Analytics. Dabei handelt es ich um einen Webanalysedienst der Google Inc. Die Analyse der Benutzung der Webseite durch Sie wird dadurch erm\u00f6glicht, dass sog. &#8222;Cookies&#8220; auf Ihrem Computer gespeichert werden und diese dann Informationen \u00fcber Ihr Benutzungsverhalten generieren und an Google Inc. weiterleiten. In der Regel wird eine gek\u00fcrzte Version Ihrer IP-Adresse an Google Server weitergeleitet. In Ausnahmef\u00e4llen kann auch die komplette IP-Adresse weitergeleitet werden. Diese Informationen nutzt Google in unserem Auftrag zur Erstellung eines Reports \u00fcber das Benutzerverhalten auf unseren Seiten. Die durch Google Analytics ermittelte IP-Adresse wird nicht mit anderen Daten von Google zusammengef\u00fchrt. Sollten Sie keine Speicherung von Cookies auf Ihrem Computer w\u00fcnschen, so k\u00f6nnen Sie entsprechende Einstellungen in Ihrem Browser vornehmen. Leider kann dies eine eingeschr\u00e4nkte Nutzung unserer Seiten zur Folge haben.<\/p>\n<p>Soweit nicht ohnehin eine Anonymisierung der IP-Adressen (IP-Masking) durch Einf\u00fcgung des Codes &#8222;gat._anonymizeIp ( ) ;&#8220; erfolgt ist, werden die erhobenen Daten nach den geltenden gesetzlichen Bestimmungen des Bundesdatenschutzgesetzes und den Nutzungsbedingungen von Google behandelt, die eine Weitergabe von personenebezogenen Daten an Google nicht gestatten.<\/p>\n","protected":false},"excerpt":{"rendered":"<p>Impressum dieser Website erstellt \u00fcber den Generator der Deutschen Anwaltshotline AG Angaben gem. \u00a7 5 TMG Betreiber und Kontakt: Dragana Oberst Kapellenstra\u00dfe 25 76437 Rastatt Telefon: +49 7222 9340449 Telefax: +49 7222 4058939 Mobil: +49 173 3092958 info@dragana-oberst.de Verantwortlicher f\u00fcr journalistisch-redaktionelle Inhalte gem. \u00a7 55 II RstV: Dragana Oberst, Kapellenstra\u00dfe 25, 76437 Rastatt, Deutschland Bilder [&hellip;]<\/p>\n","protected":false},"author":2,"featured_media":0,"parent":0,"menu_order":0,"comment_status":"closed","ping_status":"closed","template":"","meta":{"footnotes":""},"class_list":["post-258","page","type-page","status-publish","hentry"],"_links":{"self":[{"href":"https:\/\/dragana-oberst.de\/index.php?rest_route=\/wp\/v2\/pages\/258","targetHints":{"allow":["GET"]}}],"collection":[{"href":"https:\/\/dragana-oberst.de\/index.php?rest_route=\/wp\/v2\/pages"}],"about":[{"href":"https:\/\/dragana-oberst.de\/index.php?rest_route=\/wp\/v2\/types\/page"}],"author":[{"embeddable":true,"href":"https:\/\/dragana-oberst.de\/index.php?rest_route=\/wp\/v2\/users\/2"}],"replies":[{"embeddable":true,"href":"https:\/\/dragana-oberst.de\/index.php?rest_route=%2Fwp%2Fv2%2Fcomments&post=258"}],"version-history":[{"count":9,"href":"https:\/\/dragana-oberst.de\/index.php?rest_route=\/wp\/v2\/pages\/258\/revisions"}],"predecessor-version":[{"id":342,"href":"https:\/\/dragana-oberst.de\/index.php?rest_route=\/wp\/v2\/pages\/258\/revisions\/342"}],"wp:attachment":[{"href":"https:\/\/dragana-oberst.de\/index.php?rest_route=%2Fwp%2Fv2%2Fmedia&parent=258"}],"curies":[{"name":"wp","href":"https:\/\/api.w.org\/{rel}","templated":true}]}}